{"id":30,"date":"2026-03-18T12:58:51","date_gmt":"2026-03-18T12:58:51","guid":{"rendered":"https:\/\/skogsbiologerna.se\/?page_id=30"},"modified":"2026-03-20T16:35:21","modified_gmt":"2026-03-20T16:35:21","slug":"hem","status":"publish","type":"page","link":"https:\/\/skogsbiologerna.se\/","title":{"rendered":"Hem"},"content":{"rendered":"\t\t<div data-elementor-type=\"wp-page\" data-elementor-id=\"30\" class=\"elementor elementor-30\" data-elementor-post-type=\"page\">\n\t\t\t\t<div class=\"elementor-element elementor-element-3f39f1c e-flex e-con-boxed e-con e-parent\" data-id=\"3f39f1c\" data-element_type=\"container\" data-e-type=\"container\" data-settings=\"{&quot;background_background&quot;:&quot;classic&quot;,&quot;shape_divider_bottom&quot;:&quot;opacity-tilt&quot;}\">\n\t\t\t\t\t<div class=\"e-con-inner\">\n\t\t\t\t<div class=\"elementor-shape elementor-shape-bottom\" aria-hidden=\"true\" data-negative=\"false\">\n\t\t\t<svg xmlns=\"http:\/\/www.w3.org\/2000\/svg\" viewBox=\"0 0 2600 131.1\" preserveAspectRatio=\"none\">\n\t<path class=\"elementor-shape-fill\" d=\"M0 0L2600 0 2600 69.1 0 0z\"\/>\n\t<path class=\"elementor-shape-fill\" style=\"opacity:0.5\" d=\"M0 0L2600 0 2600 69.1 0 69.1z\"\/>\n\t<path class=\"elementor-shape-fill\" style=\"opacity:0.25\" d=\"M2600 0L0 0 0 130.1 2600 69.1z\"\/>\n<\/svg>\t\t<\/div>\n\t\t<div class=\"elementor-element elementor-element-dfdd736 e-con-full e-flex e-con e-child\" data-id=\"dfdd736\" data-element_type=\"container\" data-e-type=\"container\">\n\t\t\t\t<div class=\"elementor-element elementor-element-52bc35a elementor-widget elementor-widget-heading\" data-id=\"52bc35a\" data-element_type=\"widget\" data-e-type=\"widget\" data-widget_type=\"heading.default\">\n\t\t\t\t\t<h1 class=\"elementor-heading-title elementor-size-default\">Naturv\u00e4rdes-bed\u00f6mning av skogsmark<\/h1>\t\t\t\t<\/div>\n\t\t\t\t<div class=\"elementor-element elementor-element-ecf83cf elementor-widget elementor-widget-text-editor\" data-id=\"ecf83cf\" data-element_type=\"widget\" data-e-type=\"widget\" data-widget_type=\"text-editor.default\">\n\t\t\t\t\t\t\t\t\t<p>Metodik, manualer och regionala blanketter fr\u00e5n Skogsbiologerna<\/p>\t\t\t\t\t\t\t\t<\/div>\n\t\t\t\t<\/div>\n\t\t\t\t\t<\/div>\n\t\t\t\t<\/div>\n\t\t<div class=\"elementor-element elementor-element-82751aa e-flex e-con-boxed e-con e-parent\" data-id=\"82751aa\" data-element_type=\"container\" data-e-type=\"container\" id=\"om-oss\">\n\t\t\t\t\t<div class=\"e-con-inner\">\n\t\t\t\t<div class=\"elementor-element elementor-element-08ad404 elementor-widget elementor-widget-heading\" data-id=\"08ad404\" data-element_type=\"widget\" data-e-type=\"widget\" data-widget_type=\"heading.default\">\n\t\t\t\t\t<h3 class=\"elementor-heading-title elementor-size-default\">Vilka \u00e4r Skogsbiologerna?<\/h3>\t\t\t\t<\/div>\n\t\t\t\t<div class=\"elementor-element elementor-element-d9f30a4 elementor-widget elementor-widget-text-editor\" data-id=\"d9f30a4\" data-element_type=\"widget\" data-e-type=\"widget\" data-widget_type=\"text-editor.default\">\n\t\t\t\t\t\t\t\t\t<p>Skogsbiologerna startade sin verksamhet p\u00e5 1990-talet d\u00e5 m\u00e5nga nya skeden var ig\u00e5ng inom det svenska skogsbruket. Det blev \u00f6kat fokus p\u00e5 skoglig naturv\u00e5rd och nyckelbiotopsinventeringen och certifieringsprocesserna startade.<\/p><p>B\u00f6rje Drakenberg, Anders Lindhe och Per Linder bildade d\u00e5 Skogsbiologerna AB i samband med att vi var delvis ansvariga f\u00f6r genomf\u00f6randet av den mycket stora kursoml\u00e4ggningen inom Skogsstyrelsen; Distrikt 95. Detta ber\u00f6rde fr\u00e4mst naturv\u00e5rdsfr\u00e5gor, som fick en starkare st\u00e4llning i den nya skogsv\u00e5rdslagen.<\/p><p>Vi hade l\u00e4nge arbetat med utbildning i st\u00e5ndortsindexering och ins\u00e5g d\u00e5 att man vid naturv\u00e5rdsinventeringar beh\u00f6vde ha ett likartat arbetss\u00e4tt n\u00e4r det g\u00e4llde att ta st\u00e4llning till bevarande och sk\u00f6tsel p\u00e5 best\u00e5ndsniv\u00e5. St\u00e5ndortsindexeringen \u00e4r en metod f\u00f6r att m\u00e4ta den potentiella produktionsf\u00f6rm\u00e5gan indirekt via de m\u00e5nga faktorer som p\u00e5verkar den.<\/p><p>Vi valde d\u00e4rf\u00f6r att m\u00e4ta skogens potentiella f\u00f6rm\u00e5ga att h\u00e4rb\u00e4rgera biologisk m\u00e5ngfald via ett indirekt angreppss\u00e4tt med upprepningsbarhet och minimerade subjektiva bed\u00f6mningar som ledstj\u00e4rna. Sammanfattningsvis kan metoden s\u00e4gas m\u00e4ta hur pass naturlig best\u00e5ndsstruktur ett bed\u00f6mt best\u00e5nd har f\u00e5tt som ett resultat av de naturgivna f\u00f6ruts\u00e4ttningarna och best\u00e5ndshistoriken.<\/p>\t\t\t\t\t\t\t\t<\/div>\n\t\t\t\t\t<\/div>\n\t\t\t\t<\/div>\n\t\t<div class=\"elementor-element elementor-element-e6eaec2 e-flex e-con-boxed e-con e-parent\" data-id=\"e6eaec2\" data-element_type=\"container\" data-e-type=\"container\">\n\t\t\t\t\t<div class=\"e-con-inner\">\n\t\t\t\t<div class=\"elementor-element elementor-element-3014b3e elementor-widget elementor-widget-heading\" data-id=\"3014b3e\" data-element_type=\"widget\" data-e-type=\"widget\" data-widget_type=\"heading.default\">\n\t\t\t\t\t<h3 class=\"elementor-heading-title elementor-size-default\">Om metoden<\/h3>\t\t\t\t<\/div>\n\t\t\t\t<div class=\"elementor-element elementor-element-f46b516 elementor-widget elementor-widget-text-editor\" data-id=\"f46b516\" data-element_type=\"widget\" data-e-type=\"widget\" data-widget_type=\"text-editor.default\">\n\t\t\t\t\t\t\t\t\t<p>En stark \u00f6nskan fr\u00e5n skogsbolagen, bland annat Holmen och Korsn\u00e4s, var att kunna anv\u00e4nda en inventeringsmodell som flertalet inom organisationen kunde hantera och inte bara artkunniga specialister. Detta resulterade i, via n\u00e5gra mellansteg, v\u00e5rt system f\u00f6r att m\u00e4ta naturv\u00e4rdena i skogen p\u00e5 ett indirekt s\u00e4tt; Skogsbiologernas naturv\u00e4rdesbed\u00f6mning.<\/p><p>Sedan dess har systemet anv\u00e4nts i stor omfattning i skogsbolag, skogs\u00e4garf\u00f6reningar, Skogsstyrelsen, virkesk\u00f6parf\u00f6retag, ideella organisationer med flera. Ett antal anpassade blanketter har tagits fram f\u00f6r andra l\u00e4nder och regioner. Metoden har testats i olika forskningsprojekt och visar god \u00f6verensst\u00e4mmelse med verkliga artfynd samt registrerade nyckelbiotoper.<\/p><p>Systemet \u00e4r upplagt som ett Excelark vilket underl\u00e4ttar efterf\u00f6ljande arbete samt m\u00f6jligg\u00f6r dess hantering i handdator eller datasamlare.<\/p>\t\t\t\t\t\t\t\t<\/div>\n\t\t\t\t\t<\/div>\n\t\t\t\t<\/div>\n\t\t<div class=\"elementor-element elementor-element-4460148 e-flex e-con-boxed e-con e-parent\" data-id=\"4460148\" data-element_type=\"container\" data-e-type=\"container\">\n\t\t\t\t\t<div class=\"e-con-inner\">\n\t\t\t\t<div class=\"elementor-element elementor-element-887eef0 elementor-widget elementor-widget-heading\" data-id=\"887eef0\" data-element_type=\"widget\" data-e-type=\"widget\" data-widget_type=\"heading.default\">\n\t\t\t\t\t<h3 class=\"elementor-heading-title elementor-size-default\">Tillg\u00e5ng till materialet<\/h3>\t\t\t\t<\/div>\n\t\t\t\t<div class=\"elementor-element elementor-element-472f25f elementor-widget elementor-widget-text-editor\" data-id=\"472f25f\" data-element_type=\"widget\" data-e-type=\"widget\" data-widget_type=\"text-editor.default\">\n\t\t\t\t\t\t\t\t\t<p>Skogsbiologerna tillhandah\u00e5ller systemet med alla filer utan kostnad till ideella organisationer, ordinarie schemalagd utbildning inom det statliga och kommunala utbildningsv\u00e4sendet, folkh\u00f6gskolor och andra icke-kommersiella verksamheter.<\/p><p>Vi har sedan l\u00e4nge h\u00e5llit m\u00e4ngder med utbildningar i anv\u00e4ndning av systemet men med v\u00e5r \u00f6kade \u00e5lder sk\u00f6ts nu utbildningarna inom f\u00f6retagen, som har inhandlat r\u00e4ttigheten, eller via konsulter som har royaltyavtal med oss. I m\u00e5n av m\u00f6jlighet kan vi ocks\u00e5 ordna kurser.<\/p><p>Vill man ha den allm\u00e4nna instruktionen inklusive en demonstrationsblankett finns den att <a href=\"#\">h\u00e4mta h\u00e4r<\/a>.<br \/>OBS: Blanketten \u00e4r bara en demoversion av \u00e4ldre snitt som inte \u00e4r regionaliserad och uppdaterad.<\/p><p>Vill man ha tillg\u00e5ng till hela systemet, med fem olika regionala blanketter samt manualer, och verkar inom de icke-kommersiella akt\u00f6rerna n\u00e4mnda ovan, fyller du i formul\u00e4ret nedan. Efter registrering skickas materialet ut via e-post.<\/p><p>Observera att materialet \u00e4r copyrightskyddat och d\u00e4rf\u00f6r inte kan l\u00e4mnas vidare till annan person eller organisation utan medgivande fr\u00e5n Skogsbiologerna HB.<\/p>\t\t\t\t\t\t\t\t<\/div>\n\t\t\t\t\t<\/div>\n\t\t\t\t<\/div>\n\t\t<div class=\"elementor-element elementor-element-81cae85 e-flex e-con-boxed e-con e-parent\" data-id=\"81cae85\" data-element_type=\"container\" data-e-type=\"container\" id=\"ansok\" data-settings=\"{&quot;background_background&quot;:&quot;classic&quot;}\">\n\t\t\t\t\t<div class=\"e-con-inner\">\n\t\t\t\t<div class=\"elementor-element elementor-element-de90806 elementor-widget elementor-widget-heading\" data-id=\"de90806\" data-element_type=\"widget\" data-e-type=\"widget\" data-widget_type=\"heading.default\">\n\t\t\t\t\t<h3 class=\"elementor-heading-title elementor-size-default\">Beg\u00e4r tillg\u00e5ng till hela systemet<\/h3>\t\t\t\t<\/div>\n\t\t\t\t<div class=\"elementor-element elementor-element-71ef2a4 elementor-widget elementor-widget-text-editor\" data-id=\"71ef2a4\" data-element_type=\"widget\" data-e-type=\"widget\" data-widget_type=\"text-editor.default\">\n\t\t\t\t\t\t\t\t\t<p>Hela systemet med regionala blanketter och tillh\u00f6rande manualer g\u00f6rs tillg\u00e4ngligt f\u00f6r icke-kommersiella verksamheter, s\u00e5som:<\/p><ul><li>myndigheter<\/li><li>skolor och utbildningsverksamheter<\/li><li>folkh\u00f6gskolor<\/li><li>ideella organisationer<\/li><li>andra icke-kommersiella akt\u00f6rer<br \/><br \/><\/li><\/ul><p>F\u00f6r att f\u00e5 tillg\u00e5ng till materialet fyller du i formul\u00e4ret nedan. Efter registrering skickas materialet ut via e-post.<\/p><p>Materialet \u00e4r upphovsr\u00e4ttsskyddat och f\u00e5r inte spridas vidare till annan person eller organisation utan Skogsbiologernas medgivande.<\/p>\t\t\t\t\t\t\t\t<\/div>\n\t\t\t\t<div class=\"elementor-element elementor-element-7211c81 fluent-form-widget-step-header-yes fluent-form-widget-step-progressbar-yes fluentform-widget-submit-button-custom elementor-widget elementor-widget-fluent-form-widget\" data-id=\"7211c81\" data-element_type=\"widget\" data-e-type=\"widget\" data-widget_type=\"fluent-form-widget.default\">\n\t\t\t\t<div class=\"elementor-widget-container\">\n\t\t\t\t\t\n            <div class=\"fluentform-widget-wrapper hide-fluent-form-labels fluentform-widget-align-default\">\n\n            \n            <div class='fluentform ff-default fluentform_wrapper_1 ffs_default_wrap'><form data-form_id=\"1\" id=\"fluentform_1\" class=\"frm-fluent-form fluent_form_1 ff-el-form-top ff_form_instance_1_1 ff-form-loading ffs_default\" data-form_instance=\"ff_form_instance_1_1\" method=\"POST\" data-turnstile_key=\"0x4AAAAAACtxENakGGHDWHNv\" ><fieldset  style=\"border: none!important;margin: 0!important;padding: 0!important;background-color: transparent!important;box-shadow: none!important;outline: none!important; min-inline-size: 100%;\">\n                    <legend class=\"ff_screen_reader_title\" style=\"display: block; margin: 0!important;padding: 0!important;height: 0!important;text-indent: -999999px;width: 0!important;overflow:hidden;\">Ans\u00f6kan<\/legend><input type='hidden' name='__fluent_form_embded_post_id' value='30' \/><input type=\"hidden\" id=\"_fluentform_1_fluentformnonce\" name=\"_fluentform_1_fluentformnonce\" value=\"10c20d7b8b\" \/><input type=\"hidden\" name=\"_wp_http_referer\" value=\"\/index.php?rest_route=%2Fwp%2Fv2%2Fpages%2F30\" \/><div data-type=\"name-element\" data-name=\"names\" class=\" ff-field_container ff-name-field-wrapper\" ><div class='ff-t-container'><div class='ff-t-cell '><div class='ff-el-group'><div class=\"ff-el-input--label ff-el-is-required asterisk-right\"><label for='ff_1_names_first_name_' id='label_ff_1_names_first_name_' >F\u00f6rnamn<\/label><\/div><div class='ff-el-input--content'><input type=\"text\" name=\"names[first_name]\" id=\"ff_1_names_first_name_\" class=\"ff-el-form-control\" placeholder=\"F\u00f6rnamn\" aria-invalid=\"false\" aria-required=true><\/div><\/div><\/div><div class='ff-t-cell '><div class='ff-el-group'><div class=\"ff-el-input--label ff-el-is-required asterisk-right\"><label for='ff_1_names_last_name_' id='label_ff_1_names_last_name_' >Efternamn<\/label><\/div><div class='ff-el-input--content'><input type=\"text\" name=\"names[last_name]\" id=\"ff_1_names_last_name_\" class=\"ff-el-form-control\" placeholder=\"Efternamn\" aria-invalid=\"false\" aria-required=true><\/div><\/div><\/div><\/div><\/div><div class='ff-el-group'><div class=\"ff-el-input--label ff-el-is-required asterisk-right\"><label for='ff_1_email' id='label_ff_1_email' aria-label=\"E-postadress\">E-postadress<\/label><\/div><div class='ff-el-input--content'><input type=\"email\" name=\"email\" id=\"ff_1_email\" class=\"ff-el-form-control\" placeholder=\"E-postadress\" data-name=\"email\"  aria-invalid=\"false\" aria-required=true><\/div><\/div><div class='ff-el-group'><div class=\"ff-el-input--label ff-el-is-required asterisk-right\"><label for='ff_1_subject' id='label_ff_1_subject' aria-label=\"Organisation \/ verksamhet\">Organisation \/ verksamhet<\/label><\/div><div class='ff-el-input--content'><input type=\"text\" name=\"subject\" class=\"ff-el-form-control\" placeholder=\"Organisation \/ verksamhet\" data-name=\"subject\" id=\"ff_1_subject\"  aria-invalid=\"false\" aria-required=true><\/div><\/div><div class='ff-el-group'><div class=\"ff-el-input--label ff-el-is-required asterisk-right\"><label for='ff_1_dropdown' id='label_ff_1_dropdown' aria-label=\"Typ av verksamhet\">Typ av verksamhet<\/label><\/div><div class='ff-el-input--content'><select name=\"dropdown\" id=\"ff_1_dropdown\" class=\"ff-el-form-control\" data-name=\"dropdown\" data-calc_value=\"0\"  aria-invalid=\"false\" aria-required=\"true\" aria-labelledby=\"label_ff_1_dropdown\"><option value=\"\">- V\u00e4lj -<\/option><option value=\"Myndighet\"  >Myndighet<\/option><option value=\"Skola \/ universitet\"  >Skola \/ universitet<\/option><option value=\"Ideell organisation\"  >Ideell organisation<\/option><option value=\"Annan icke-kommersiell verksamhet\"  >Annan icke-kommersiell verksamhet<\/option><option value=\"Annan\"  >Annan<\/option><\/select><\/div><\/div><div class='ff-el-group    ff-el-input--content'><div class='ff-el-form-check ff-el-tc'><label aria-label='Jag bekr\u00e4ftar att materialet ska anv\u00e4ndas inom ovan angiven verksamhet och att det inte f\u00e5r l\u00e4mnas vidare till annan person eller organisation utan medgivande fr\u00e5n Skogsbiologerna HB.' class='ff-el-form-check-label ff_tc_label' for=terms-n-condition_e3e4c563f14ab1f00a2be0c59dda6448><span class='ff_tc_checkbox'><input type=\"checkbox\" name=\"terms-n-condition\" class=\"ff-el-form-check-input\" data-name=\"terms-n-condition\" id=\"terms-n-condition_e3e4c563f14ab1f00a2be0c59dda6448\"  value='on' aria-invalid='false' aria-required=true><\/span> <div class='ff_t_c'><p>Jag bekr\u00e4ftar att materialet ska anv\u00e4ndas inom ovan angiven verksamhet och att det inte f\u00e5r l\u00e4mnas vidare till annan person eller organisation utan medgivande fr\u00e5n Skogsbiologerna HB.<\/p><\/div><\/label><\/div><\/div><div data-name=\"ff_cn_id_1\"  class='ff-t-container ff-column-container ff_columns_total_2 '><div class='ff-t-cell ff-t-column-1' style='flex-basis: 50%;'><div class='ff-el-group ff-text-left ff_submit_btn_wrapper ff_submit_btn_wrapper_custom'><button class=\"ff-btn ff-btn-submit ff-btn-md ff_btn_style\" type=\"submit\" name=\"custom_submit_button-1_1\" data-name=\"custom_submit_button-1_1\"  aria-label=\"Skicka\">Skicka<\/button><style>form.fluent_form_1 .ff-btn-submit { background-color: #1a7efb; color: #ffffff; }<\/style><\/div><\/div><div class='ff-t-cell ff-t-column-2' style='flex-basis: 50%;'><div class='ff-el-group ' ><div class='ff-el-input--content'><div data-fluent_id='1' name='cf-turnstile-response'><div\n\t\tdata-sitekey='0x4AAAAAACtxENakGGHDWHNv'\n\t\tdata-theme='auto'\n\t\tid='fluentform-turnstile-1-1'\n\t\tclass='ff-el-turnstile cf-turnstile'\n\t\tdata-appearance='always'><\/div><\/div><\/div><\/div><\/div><\/div><\/fieldset><\/form><div id='fluentform_1_errors' class='ff-errors-in-stack ff_form_instance_1_1 ff-form-loading_errors ff_form_instance_1_1_errors'><\/div><\/div>            <script type=\"text\/javascript\">\n                window.fluent_form_ff_form_instance_1_1 = {\"id\":\"1\",\"settings\":{\"layout\":{\"labelPlacement\":\"top\",\"helpMessagePlacement\":\"with_label\",\"errorMessagePlacement\":\"inline\",\"cssClassName\":\"\",\"asteriskPlacement\":\"asterisk-right\"},\"restrictions\":{\"denyEmptySubmission\":{\"enabled\":false}}},\"form_instance\":\"ff_form_instance_1_1\",\"form_id_selector\":\"fluentform_1\",\"rules\":{\"names[first_name]\":{\"required\":{\"value\":true,\"message\":\"Detta f\\u00e4lt \\u00e4r obligatoriskt\",\"global\":true,\"global_message\":\"Detta f\\u00e4lt \\u00e4r obligatoriskt\"}},\"names[middle_name]\":{\"required\":{\"value\":false,\"message\":\"This field is required\",\"global\":false,\"global_message\":\"Detta f\\u00e4lt \\u00e4r obligatoriskt\"}},\"names[last_name]\":{\"required\":{\"value\":true,\"message\":\"Detta f\\u00e4lt \\u00e4r obligatoriskt\",\"global\":true,\"global_message\":\"Detta f\\u00e4lt \\u00e4r obligatoriskt\"}},\"email\":{\"required\":{\"value\":true,\"message\":\"Detta f\\u00e4lt \\u00e4r obligatoriskt\",\"global\":true,\"global_message\":\"Detta f\\u00e4lt \\u00e4r obligatoriskt\"},\"email\":{\"value\":true,\"message\":\"Detta f\\u00e4lt m\\u00e5ste inneh\\u00e5lla en giltig e-postadress\",\"global\":true,\"global_message\":\"Detta f\\u00e4lt m\\u00e5ste inneh\\u00e5lla en giltig e-postadress\"}},\"subject\":{\"required\":{\"value\":true,\"message\":\"Detta f\\u00e4lt \\u00e4r obligatoriskt\",\"global\":true,\"global_message\":\"Detta f\\u00e4lt \\u00e4r obligatoriskt\"}},\"dropdown\":{\"required\":{\"value\":true,\"message\":\"Detta f\\u00e4lt \\u00e4r obligatoriskt\",\"global_message\":\"Detta f\\u00e4lt \\u00e4r obligatoriskt\",\"global\":false}},\"terms-n-condition\":{\"required\":{\"value\":true,\"message\":\"Detta f\\u00e4lt \\u00e4r obligatoriskt\",\"global_message\":\"Detta f\\u00e4lt \\u00e4r obligatoriskt\",\"global\":false}},\"cf-turnstile-response\":[]},\"debounce_time\":300};\n                            <\/script>\n                        <\/div>\n\n            \t\t\t\t<\/div>\n\t\t\t\t<\/div>\n\t\t\t\t\t<\/div>\n\t\t\t\t<\/div>\n\t\t<div class=\"elementor-element elementor-element-f979ea5 e-flex e-con-boxed e-con e-parent\" data-id=\"f979ea5\" data-element_type=\"container\" data-e-type=\"container\">\n\t\t\t\t\t<div class=\"e-con-inner\">\n\t\t\t\t<div class=\"elementor-element elementor-element-24f819e elementor-widget elementor-widget-heading\" data-id=\"24f819e\" data-element_type=\"widget\" data-e-type=\"widget\" data-widget_type=\"heading.default\">\n\t\t\t\t\t<h3 class=\"elementor-heading-title elementor-size-default\">Upphovsr\u00e4tt och anv\u00e4ndning<\/h3>\t\t\t\t<\/div>\n\t\t\t\t<div class=\"elementor-element elementor-element-7edf72a elementor-widget elementor-widget-text-editor\" data-id=\"7edf72a\" data-element_type=\"widget\" data-e-type=\"widget\" data-widget_type=\"text-editor.default\">\n\t\t\t\t\t\t\t\t\t<p>Materialet som tillhandah\u00e5lls av Skogsbiologerna \u00e4r skyddat av upphovsr\u00e4tt. Det g\u00e4ller s\u00e5v\u00e4l blanketter som manualer och \u00f6vrigt metodmaterial.<\/p><p>Materialet f\u00e5r anv\u00e4ndas inom den verksamhet som beviljats tillg\u00e5ng, men f\u00e5r inte kopieras, spridas vidare eller \u00f6verl\u00e5tas till annan person eller organisation utan uttryckligt medgivande fr\u00e5n Skogsbiologerna.<\/p><p>F\u00f6r kommersiell kursverksamhet, inventeringsverksamhet eller annan yrkesm\u00e4ssig anv\u00e4ndning av systemet kr\u00e4vs s\u00e4rskild kontakt med Skogsbiologerna.<\/p><p>Om du representerar ett f\u00f6retag, arbetar som konsult eller vill anv\u00e4nda systemet kommersiellt \u00e4r du v\u00e4lkommen att ta kontakt f\u00f6r mer information om villkor och r\u00e4ttigheter.<\/p>\t\t\t\t\t\t\t\t<\/div>\n\t\t\t\t\t<\/div>\n\t\t\t\t<\/div>\n\t\t\t\t<\/div>\n\t\t","protected":false},"excerpt":{"rendered":"<p>Naturv\u00e4rdes-bed\u00f6mning av skogsmark Metodik, manualer och regionala blanketter fr\u00e5n Skogsbiologerna Vilka \u00e4r Skogsbiologerna? Skogsbiologerna startade sin verksamhet p\u00e5 1990-talet d\u00e5 m\u00e5nga nya skeden var ig\u00e5ng inom det svenska skogsbruket. Det blev \u00f6kat fokus p\u00e5 skoglig naturv\u00e5rd och nyckelbiotopsinventeringen och certifieringsprocesserna startade. B\u00f6rje Drakenberg, Anders Lindhe och Per Linder bildade d\u00e5 Skogsbiologerna AB i samband med [&hellip;]<\/p>\n","protected":false},"author":1,"featured_media":0,"parent":0,"menu_order":0,"comment_status":"closed","ping_status":"closed","template":"","meta":{"footnotes":""},"class_list":["post-30","page","type-page","status-publish","hentry"],"yoast_head":"<!-- This site is optimized with the Yoast SEO plugin v27.2 - https:\/\/yoast.com\/product\/yoast-seo-wordpress\/ -->\n<title>Hem - Skogsbiologerna<\/title>\n<meta name=\"robots\" content=\"index, follow, max-snippet:-1, max-image-preview:large, max-video-preview:-1\" \/>\n<link rel=\"canonical\" href=\"https:\/\/skogsbiologerna.se\/\" \/>\n<meta property=\"og:locale\" content=\"sv_SE\" \/>\n<meta property=\"og:type\" content=\"article\" \/>\n<meta property=\"og:title\" content=\"Hem - Skogsbiologerna\" \/>\n<meta property=\"og:description\" content=\"Naturv\u00e4rdes-bed\u00f6mning av skogsmark Metodik, manualer och regionala blanketter fr\u00e5n Skogsbiologerna Vilka \u00e4r Skogsbiologerna? Skogsbiologerna startade sin verksamhet p\u00e5 1990-talet d\u00e5 m\u00e5nga nya skeden var ig\u00e5ng inom det svenska skogsbruket. Det blev \u00f6kat fokus p\u00e5 skoglig naturv\u00e5rd och nyckelbiotopsinventeringen och certifieringsprocesserna startade. B\u00f6rje Drakenberg, Anders Lindhe och Per Linder bildade d\u00e5 Skogsbiologerna AB i samband med [&hellip;]\" \/>\n<meta property=\"og:url\" content=\"https:\/\/skogsbiologerna.se\/\" \/>\n<meta property=\"og:site_name\" content=\"Skogsbiologerna\" \/>\n<meta property=\"article:modified_time\" content=\"2026-03-20T16:35:21+00:00\" \/>\n<meta name=\"twitter:card\" content=\"summary_large_image\" \/>\n<meta name=\"twitter:label1\" content=\"Ber\u00e4knad l\u00e4stid\" \/>\n\t<meta name=\"twitter:data1\" content=\"1 minut\" \/>\n<script type=\"application\/ld+json\" class=\"yoast-schema-graph\">{\"@context\":\"https:\/\/schema.org\",\"@graph\":[{\"@type\":\"WebPage\",\"@id\":\"https:\/\/skogsbiologerna.se\/\",\"url\":\"https:\/\/skogsbiologerna.se\/\",\"name\":\"Hem - Skogsbiologerna\",\"isPartOf\":{\"@id\":\"https:\/\/skogsbiologerna.se\/#website\"},\"datePublished\":\"2026-03-18T12:58:51+00:00\",\"dateModified\":\"2026-03-20T16:35:21+00:00\",\"breadcrumb\":{\"@id\":\"https:\/\/skogsbiologerna.se\/#breadcrumb\"},\"inLanguage\":\"sv-SE\",\"potentialAction\":[{\"@type\":\"ReadAction\",\"target\":[\"https:\/\/skogsbiologerna.se\/\"]}]},{\"@type\":\"BreadcrumbList\",\"@id\":\"https:\/\/skogsbiologerna.se\/#breadcrumb\",\"itemListElement\":[{\"@type\":\"ListItem\",\"position\":1,\"name\":\"Hem\",\"item\":\"https:\/\/skogsbiologerna.se\/\"},{\"@type\":\"ListItem\",\"position\":2,\"name\":\"Hem\"}]},{\"@type\":\"WebSite\",\"@id\":\"https:\/\/skogsbiologerna.se\/#website\",\"url\":\"https:\/\/skogsbiologerna.se\/\",\"name\":\"Skogsbiologerna\",\"description\":\"\",\"potentialAction\":[{\"@type\":\"SearchAction\",\"target\":{\"@type\":\"EntryPoint\",\"urlTemplate\":\"https:\/\/skogsbiologerna.se\/?s={search_term_string}\"},\"query-input\":{\"@type\":\"PropertyValueSpecification\",\"valueRequired\":true,\"valueName\":\"search_term_string\"}}],\"inLanguage\":\"sv-SE\"}]}<\/script>\n<!-- \/ Yoast SEO plugin. -->","yoast_head_json":{"title":"Hem - Skogsbiologerna","robots":{"index":"index","follow":"follow","max-snippet":"max-snippet:-1","max-image-preview":"max-image-preview:large","max-video-preview":"max-video-preview:-1"},"canonical":"https:\/\/skogsbiologerna.se\/","og_locale":"sv_SE","og_type":"article","og_title":"Hem - Skogsbiologerna","og_description":"Naturv\u00e4rdes-bed\u00f6mning av skogsmark Metodik, manualer och regionala blanketter fr\u00e5n Skogsbiologerna Vilka \u00e4r Skogsbiologerna? Skogsbiologerna startade sin verksamhet p\u00e5 1990-talet d\u00e5 m\u00e5nga nya skeden var ig\u00e5ng inom det svenska skogsbruket. Det blev \u00f6kat fokus p\u00e5 skoglig naturv\u00e5rd och nyckelbiotopsinventeringen och certifieringsprocesserna startade. B\u00f6rje Drakenberg, Anders Lindhe och Per Linder bildade d\u00e5 Skogsbiologerna AB i samband med [&hellip;]","og_url":"https:\/\/skogsbiologerna.se\/","og_site_name":"Skogsbiologerna","article_modified_time":"2026-03-20T16:35:21+00:00","twitter_card":"summary_large_image","twitter_misc":{"Ber\u00e4knad l\u00e4stid":"1 minut"},"schema":{"@context":"https:\/\/schema.org","@graph":[{"@type":"WebPage","@id":"https:\/\/skogsbiologerna.se\/","url":"https:\/\/skogsbiologerna.se\/","name":"Hem - Skogsbiologerna","isPartOf":{"@id":"https:\/\/skogsbiologerna.se\/#website"},"datePublished":"2026-03-18T12:58:51+00:00","dateModified":"2026-03-20T16:35:21+00:00","breadcrumb":{"@id":"https:\/\/skogsbiologerna.se\/#breadcrumb"},"inLanguage":"sv-SE","potentialAction":[{"@type":"ReadAction","target":["https:\/\/skogsbiologerna.se\/"]}]},{"@type":"BreadcrumbList","@id":"https:\/\/skogsbiologerna.se\/#breadcrumb","itemListElement":[{"@type":"ListItem","position":1,"name":"Hem","item":"https:\/\/skogsbiologerna.se\/"},{"@type":"ListItem","position":2,"name":"Hem"}]},{"@type":"WebSite","@id":"https:\/\/skogsbiologerna.se\/#website","url":"https:\/\/skogsbiologerna.se\/","name":"Skogsbiologerna","description":"","potentialAction":[{"@type":"SearchAction","target":{"@type":"EntryPoint","urlTemplate":"https:\/\/skogsbiologerna.se\/?s={search_term_string}"},"query-input":{"@type":"PropertyValueSpecification","valueRequired":true,"valueName":"search_term_string"}}],"inLanguage":"sv-SE"}]}},"_links":{"self":[{"href":"https:\/\/skogsbiologerna.se\/index.php?rest_route=\/wp\/v2\/pages\/30","targetHints":{"allow":["GET"]}}],"collection":[{"href":"https:\/\/skogsbiologerna.se\/index.php?rest_route=\/wp\/v2\/pages"}],"about":[{"href":"https:\/\/skogsbiologerna.se\/index.php?rest_route=\/wp\/v2\/types\/page"}],"author":[{"embeddable":true,"href":"https:\/\/skogsbiologerna.se\/index.php?rest_route=\/wp\/v2\/users\/1"}],"replies":[{"embeddable":true,"href":"https:\/\/skogsbiologerna.se\/index.php?rest_route=%2Fwp%2Fv2%2Fcomments&post=30"}],"version-history":[{"count":169,"href":"https:\/\/skogsbiologerna.se\/index.php?rest_route=\/wp\/v2\/pages\/30\/revisions"}],"predecessor-version":[{"id":284,"href":"https:\/\/skogsbiologerna.se\/index.php?rest_route=\/wp\/v2\/pages\/30\/revisions\/284"}],"wp:attachment":[{"href":"https:\/\/skogsbiologerna.se\/index.php?rest_route=%2Fwp%2Fv2%2Fmedia&parent=30"}],"curies":[{"name":"wp","href":"https:\/\/api.w.org\/{rel}","templated":true}]}}